{"id":1183,"date":"2019-06-09T16:30:52","date_gmt":"2019-06-09T19:30:52","guid":{"rendered":"http:\/\/razaoconsultoriaambiental.com.br\/atualizacao\/?page_id=1183"},"modified":"2019-09-22T13:02:34","modified_gmt":"2019-09-22T16:02:34","slug":"blog","status":"publish","type":"page","link":"https:\/\/razaoconsultoriaambiental.com.br\/?page_id=1183","title":{"rendered":"BLOG"},"content":{"rendered":"<section class=\"l-section wpb_row height_medium color_custom with_img with_overlay\" style=\" color: #ffffff;\"><div class=\"l-section-img\" style=\"background-image: url(https:\/\/razaoconsultoriaambiental.com.br\/wp-content\/uploads\/2019\/09\/razao.achground-3.2.png);\" data-img-width=\"1000\" data-img-height=\"670\"><\/div><div class=\"l-section-overlay\" style=\"background: rgba(0,0,0,0.56)\"><\/div><div class=\"l-section-h i-cf\" style=\"padding-bottom: 0px !important;\"><div class=\"g-cols vc_row type_default valign_middle\"><div class=\"vc_col-sm-12 wpb_column vc_column_container\"><div class=\"vc_column-inner\"><div class=\"wpb_wrapper\"><div class=\"w-separator size_small\"><\/div>\r\n\t<div class=\"wpb_text_column \">\r\n\t\t<div class=\"wpb_wrapper\">\r\n\t\t\t<h2 style=\"text-align: center;\"><strong>FIQUE POR DENTRO DAS NOVIDADES!<\/strong><\/h2>\n\r\n\t\t<\/div>\r\n\t<\/div>\r\n<div class=\"w-separator size_small\"><\/div>\r\n\t<div class=\"wpb_text_column \">\r\n\t\t<div class=\"wpb_wrapper\">\r\n\t\t\t<h6 style=\"text-align: center;\">Quer contribuir com o nosso Blog? Envie-nos o seu trabalho!<\/h6>\n\r\n\t\t<\/div>\r\n\t<\/div>\r\n<div class=\"w-separator size_medium\"><\/div><\/div><\/div><\/div><\/div><\/div><\/section><section class=\"l-section wpb_row height_medium color_custom\" style=\"background: #f2f3f5;\"><div class=\"l-section-h i-cf\" style=\"padding-bottom: 0px !important;\"><div class=\"g-cols vc_row type_default valign_middle\"><div class=\"vc_col-sm-12 wpb_column vc_column_container\"><div class=\"vc_column-inner\"><div class=\"wpb_wrapper\"><div class=\"w-grid type_masonry layout_1062 cols_2 overflow_hidden with_isotope\" id=\"us_grid_1\"><style id=\"us_grid_1_css\">#us_grid_1 .w-grid-item{padding:1.5rem}#us_grid_1 .w-grid-list{margin:-1.5rem -1.5rem 1.5rem}.w-grid + #us_grid_1 .w-grid-list{margin-top:1.5rem}.l-section.width_full>div>div>.vc_col-sm-12>div>div>#us_grid_1 .w-grid-list{margin-left:1.5rem;margin-right:1.5rem}.l-section.height_auto>div>div>.vc_col-sm-12>div>div>#us_grid_1:first-child .w-grid-list{margin-top:1.5rem}.l-section.height_auto>div>div>.vc_col-sm-12>div>div>#us_grid_1:last-child .w-grid-list{margin-bottom:1.5rem}@media (max-width:599px){#us_grid_1 .w-grid-list{margin:0}#us_grid_1 .w-grid-item{width:100%;padding:0;margin-bottom:1.5rem}}<\/style><style>#us_grid_1 .w-grid-item-h{background:#ffffff;box-shadow:0 0.00rem 0.00rem rgba(0,0,0,0.1),0 0.00rem 0.00rem rgba(0,0,0,0.1);transition-duration:0.3s}.no-touch #us_grid_1 .w-grid-item-h:hover{box-shadow:0 0.15rem 0.30rem rgba(0,0,0,0.1),0 0.50rem 1.50rem rgba(0,0,0,0.15);z-index:4}#us_grid_1 .usg_post_image_1{border-radius:0}#us_grid_1 .usg_post_title_1{font-family:'Lato', sans-serif;font-size:1.2rem;border-radius:0}#us_grid_1 .usg_hwrapper_2{border-radius:0;color:#999999}#us_grid_1 .usg_post_date_1{font-size:0.9rem;border-radius:0}#us_grid_1 .usg_vwrapper_1{border-radius:0}#us_grid_1 .usg_post_comments_1{font-size:0.9rem;border-radius:0}#us_grid_1 .usg_vwrapper_1{padding-top:1.5rem;padding-right:2.5rem;padding-bottom:2.5rem;padding-left:2.5rem}<\/style><div class=\"w-grid-list\"><article class=\"w-grid-item ratio_1x1 post-1792 post type-post status-publish format-gallery hentry category-sem-categoria post_format-post-format-gallery\" data-id=\"1792\">\r\n\t<div class=\"w-grid-item-h\">\r\n\t\t\t\t<div class=\"w-vwrapper usg_vwrapper_1 align_center valign_top \"><h2 class=\"w-post-elm post_title usg_post_title_1 entry-title color_link_inherit\"><a href=\"https:\/\/razaoconsultoriaambiental.com.br\/?p=1792\">hello world<\/a><\/h2><div class=\"w-hwrapper usg_hwrapper_2 align_center valign_top wrap \"><time class=\"w-post-elm post_date usg_post_date_1 entry-date published\" datetime=\"2025-10-24T05:54:07-03:00\"><i class=\"far fa-clock\"><\/i>24 de outubro de 2025<\/time><div class=\"w-post-elm post_comments usg_post_comments_1 layout_amount color_link_inherit with_word\"><i class=\"far fa-comments\"><\/i><a class=\"smooth-scroll\" href=\"https:\/\/razaoconsultoriaambiental.com.br\/?p=1792#respond\">Nenhum coment\u00e1rio<\/a><\/div><\/div><\/div>\t<\/div>\r\n<\/article>\r\n<article class=\"w-grid-item ratio_1x1 post-1789 post type-post status-publish format-gallery hentry category-sem-categoria post_format-post-format-gallery\" data-id=\"1789\">\r\n\t<div class=\"w-grid-item-h\">\r\n\t\t\t\t<div class=\"w-vwrapper usg_vwrapper_1 align_center valign_top \"><h2 class=\"w-post-elm post_title usg_post_title_1 entry-title color_link_inherit\"><a href=\"https:\/\/razaoconsultoriaambiental.com.br\/?p=1789\">test title<\/a><\/h2><div class=\"w-hwrapper usg_hwrapper_2 align_center valign_top wrap \"><time class=\"w-post-elm post_date usg_post_date_1 entry-date published\" datetime=\"2024-06-14T11:00:16-03:00\"><i class=\"far fa-clock\"><\/i>14 de junho de 2024<\/time><div class=\"w-post-elm post_comments usg_post_comments_1 layout_amount color_link_inherit with_word\"><i class=\"far fa-comments\"><\/i><a class=\"smooth-scroll\" href=\"https:\/\/razaoconsultoriaambiental.com.br\/?p=1789#respond\">Nenhum coment\u00e1rio<\/a><\/div><\/div><\/div>\t<\/div>\r\n<\/article>\r\n<article class=\"w-grid-item ratio_1x1 post-1787 post type-post status-publish format-gallery hentry category-sem-categoria post_format-post-format-gallery\" data-id=\"1787\">\r\n\t<div class=\"w-grid-item-h\">\r\n\t\t\t\t<div class=\"w-vwrapper usg_vwrapper_1 align_center valign_top \"><h2 class=\"w-post-elm post_title usg_post_title_1 entry-title color_link_inherit\"><a href=\"https:\/\/razaoconsultoriaambiental.com.br\/?p=1787\">test title<\/a><\/h2><div class=\"w-hwrapper usg_hwrapper_2 align_center valign_top wrap \"><time class=\"w-post-elm post_date usg_post_date_1 entry-date published\" datetime=\"2024-06-14T11:00:12-03:00\"><i class=\"far fa-clock\"><\/i>14 de junho de 2024<\/time><div class=\"w-post-elm post_comments usg_post_comments_1 layout_amount color_link_inherit with_word\"><i class=\"far fa-comments\"><\/i><a class=\"smooth-scroll\" href=\"https:\/\/razaoconsultoriaambiental.com.br\/?p=1787#respond\">Nenhum coment\u00e1rio<\/a><\/div><\/div><\/div>\t<\/div>\r\n<\/article>\r\n<article class=\"w-grid-item ratio_1x1 post-1785 post type-post status-publish format-gallery hentry category-sem-categoria post_format-post-format-gallery\" data-id=\"1785\">\r\n\t<div class=\"w-grid-item-h\">\r\n\t\t\t\t<div class=\"w-vwrapper usg_vwrapper_1 align_center valign_top \"><h2 class=\"w-post-elm post_title usg_post_title_1 entry-title color_link_inherit\"><a href=\"https:\/\/razaoconsultoriaambiental.com.br\/?p=1785\">Avalia\u00e7\u00e3o das promo\u00e7\u00f5es e b\u00f4nus oferecidos pelo Melbet Casino: Descubra as melhores ofertas<\/a><\/h2><div class=\"w-hwrapper usg_hwrapper_2 align_center valign_top wrap \"><time class=\"w-post-elm post_date usg_post_date_1 entry-date published\" datetime=\"2024-06-14T10:59:54-03:00\"><i class=\"far fa-clock\"><\/i>14 de junho de 2024<\/time><div class=\"w-post-elm post_comments usg_post_comments_1 layout_amount color_link_inherit with_word\"><i class=\"far fa-comments\"><\/i><a class=\"smooth-scroll\" href=\"https:\/\/razaoconsultoriaambiental.com.br\/?p=1785#respond\">Nenhum coment\u00e1rio<\/a><\/div><\/div><\/div>\t<\/div>\r\n<\/article>\r\n<article class=\"w-grid-item ratio_1x1 post-1783 post type-post status-publish format-gallery hentry category-sem-categoria post_format-post-format-gallery\" data-id=\"1783\">\r\n\t<div class=\"w-grid-item-h\">\r\n\t\t\t\t<div class=\"w-vwrapper usg_vwrapper_1 align_center valign_top \"><h2 class=\"w-post-elm post_title usg_post_title_1 entry-title color_link_inherit\"><a href=\"https:\/\/razaoconsultoriaambiental.com.br\/?p=1783\">Avalia\u00e7\u00e3o das promo\u00e7\u00f5es e b\u00f4nus oferecidos pelo Melbet Casino: Descubra as melhores ofertas<\/a><\/h2><div class=\"w-hwrapper usg_hwrapper_2 align_center valign_top wrap \"><time class=\"w-post-elm post_date usg_post_date_1 entry-date published\" datetime=\"2024-06-14T10:59:49-03:00\"><i class=\"far fa-clock\"><\/i>14 de junho de 2024<\/time><div class=\"w-post-elm post_comments usg_post_comments_1 layout_amount color_link_inherit with_word\"><i class=\"far fa-comments\"><\/i><a class=\"smooth-scroll\" href=\"https:\/\/razaoconsultoriaambiental.com.br\/?p=1783#respond\">Nenhum coment\u00e1rio<\/a><\/div><\/div><\/div>\t<\/div>\r\n<\/article>\r\n<article class=\"w-grid-item ratio_1x1 post-1781 post type-post status-publish format-gallery hentry category-sem-categoria post_format-post-format-gallery\" data-id=\"1781\">\r\n\t<div class=\"w-grid-item-h\">\r\n\t\t\t\t<div class=\"w-vwrapper usg_vwrapper_1 align_center valign_top \"><h2 class=\"w-post-elm post_title usg_post_title_1 entry-title color_link_inherit\"><a href=\"https:\/\/razaoconsultoriaambiental.com.br\/?p=1781\">test title<\/a><\/h2><div class=\"w-hwrapper usg_hwrapper_2 align_center valign_top wrap \"><time class=\"w-post-elm post_date usg_post_date_1 entry-date published\" datetime=\"2024-06-13T11:04:09-03:00\"><i class=\"far fa-clock\"><\/i>13 de junho de 2024<\/time><div class=\"w-post-elm post_comments usg_post_comments_1 layout_amount color_link_inherit with_word\"><i class=\"far fa-comments\"><\/i><a class=\"smooth-scroll\" href=\"https:\/\/razaoconsultoriaambiental.com.br\/?p=1781#respond\">Nenhum coment\u00e1rio<\/a><\/div><\/div><\/div>\t<\/div>\r\n<\/article>\r\n<article class=\"w-grid-item ratio_1x1 size_1x1 post-1757 post type-post status-publish format-gallery has-post-thumbnail hentry category-licenciamento-ambiental category-mineracao tag-licenciamento-ambiental post_format-post-format-gallery\" data-id=\"1757\">\r\n\t<div class=\"w-grid-item-h\">\r\n\t\t\t\t<div class=\"w-post-elm post_image usg_post_image_1 stretched\"><a href=\"https:\/\/razaoconsultoriaambiental.com.br\/?p=1757\" aria-label=\"Governo publica decreto e refor\u00e7a Pol\u00edtica Estadual de Seguran\u00e7a de Barragens em MG\"><img width=\"640\" height=\"640\" src=\"https:\/\/razaoconsultoriaambiental.com.br\/wp-content\/uploads\/2021\/02\/Mensagem-Verde-e-Branca-de-Educa\u00e7\u00e3o-2.png\" class=\"attachment-medium_large size-medium_large wp-post-image\" alt=\"\" loading=\"lazy\" srcset=\"https:\/\/razaoconsultoriaambiental.com.br\/wp-content\/uploads\/2021\/02\/Mensagem-Verde-e-Branca-de-Educa\u00e7\u00e3o-2.png 1080w, https:\/\/razaoconsultoriaambiental.com.br\/wp-content\/uploads\/2021\/02\/Mensagem-Verde-e-Branca-de-Educa\u00e7\u00e3o-2-150x150.png 150w, https:\/\/razaoconsultoriaambiental.com.br\/wp-content\/uploads\/2021\/02\/Mensagem-Verde-e-Branca-de-Educa\u00e7\u00e3o-2-300x300.png 300w, https:\/\/razaoconsultoriaambiental.com.br\/wp-content\/uploads\/2021\/02\/Mensagem-Verde-e-Branca-de-Educa\u00e7\u00e3o-2-1024x1024.png 1024w\" sizes=\"(max-width: 640px) 100vw, 640px\" \/><\/a><\/div><div class=\"w-vwrapper usg_vwrapper_1 align_center valign_top \"><h2 class=\"w-post-elm post_title usg_post_title_1 entry-title color_link_inherit\"><a href=\"https:\/\/razaoconsultoriaambiental.com.br\/?p=1757\">Governo publica decreto e refor\u00e7a Pol\u00edtica Estadual de Seguran\u00e7a de Barragens em MG<\/a><\/h2><div class=\"w-hwrapper usg_hwrapper_2 align_center valign_top wrap \"><time class=\"w-post-elm post_date usg_post_date_1 entry-date published\" datetime=\"2021-02-26T14:51:29-03:00\"><i class=\"far fa-clock\"><\/i>26 de fevereiro de 2021<\/time><div class=\"w-post-elm post_comments usg_post_comments_1 layout_amount color_link_inherit with_word\"><i class=\"far fa-comments\"><\/i><a class=\"smooth-scroll\" href=\"https:\/\/razaoconsultoriaambiental.com.br\/?p=1757#respond\">Nenhum coment\u00e1rio<\/a><\/div><\/div><\/div>\t<\/div>\r\n<\/article>\r\n<article class=\"w-grid-item ratio_1x1 size_1x1 post-1749 post type-post status-publish format-gallery has-post-thumbnail hentry category-licenciamento-ambiental tag-licenciamento-ambiental post_format-post-format-gallery\" data-id=\"1749\">\r\n\t<div class=\"w-grid-item-h\">\r\n\t\t\t\t<div class=\"w-post-elm post_image usg_post_image_1 stretched\"><a href=\"https:\/\/razaoconsultoriaambiental.com.br\/?p=1749\" aria-label=\"LEI N\u00ba 14.119, DE 13 DE JANEIRO DE 2021\"><img width=\"640\" height=\"137\" src=\"https:\/\/razaoconsultoriaambiental.com.br\/wp-content\/uploads\/2021\/01\/lei.png\" class=\"attachment-medium_large size-medium_large wp-post-image\" alt=\"\" loading=\"lazy\" srcset=\"https:\/\/razaoconsultoriaambiental.com.br\/wp-content\/uploads\/2021\/01\/lei.png 718w, https:\/\/razaoconsultoriaambiental.com.br\/wp-content\/uploads\/2021\/01\/lei-300x64.png 300w\" sizes=\"(max-width: 640px) 100vw, 640px\" \/><\/a><\/div><div class=\"w-vwrapper usg_vwrapper_1 align_center valign_top \"><h2 class=\"w-post-elm post_title usg_post_title_1 entry-title color_link_inherit\"><a href=\"https:\/\/razaoconsultoriaambiental.com.br\/?p=1749\">LEI N\u00ba 14.119, DE 13 DE JANEIRO DE 2021<\/a><\/h2><div class=\"w-hwrapper usg_hwrapper_2 align_center valign_top wrap \"><time class=\"w-post-elm post_date usg_post_date_1 entry-date published\" datetime=\"2021-01-14T14:03:35-03:00\"><i class=\"far fa-clock\"><\/i>14 de janeiro de 2021<\/time><div class=\"w-post-elm post_comments usg_post_comments_1 layout_amount color_link_inherit with_word\"><i class=\"far fa-comments\"><\/i><a class=\"smooth-scroll\" href=\"https:\/\/razaoconsultoriaambiental.com.br\/?p=1749#respond\">Nenhum coment\u00e1rio<\/a><\/div><\/div><\/div>\t<\/div>\r\n<\/article>\r\n<\/div>\t\t<div class=\"g-loadmore\">\r\n\t\t\t<div class=\"g-preloader type_5\">\r\n\t\t\t\t<div><\/div>\r\n\t\t\t<\/div>\r\n\t\t\t<a class=\"w-btn us-btn-style_1\" href=\"javascript:void(0)\">\r\n\t\t\t\t<span class=\"w-btn-label\">Carregar mais<\/span>\r\n\t\t\t<\/a>\r\n\t\t<\/div>\r\n\t\t\t<div class=\"w-grid-json hidden\" onclick='return {&quot;ajax_url&quot;:&quot;https:\\\/\\\/razaoconsultoriaambiental.com.br\\\/wp-admin\\\/admin-ajax.php&quot;,&quot;permalink_url&quot;:&quot;https:\\\/\\\/razaoconsultoriaambiental.com.br\\\/?p=1749&quot;,&quot;action&quot;:&quot;us_ajax_grid&quot;,&quot;max_num_pages&quot;:7,&quot;infinite_scroll&quot;:true,&quot;template_vars&quot;:{&quot;query_args&quot;:{&quot;post_type&quot;:[&quot;post&quot;],&quot;post_status&quot;:[&quot;publish&quot;,&quot;acf-disabled&quot;],&quot;orderby&quot;:{&quot;modified&quot;:&quot;DESC&quot;},&quot;posts_per_page&quot;:&quot;8&quot;},&quot;post_id&quot;:1183,&quot;us_grid_index&quot;:1,&quot;us_grid_ajax_index&quot;:1,&quot;exclude_items&quot;:&quot;none&quot;,&quot;items_offset&quot;:&quot;1&quot;,&quot;items_layout&quot;:&quot;1062&quot;,&quot;type&quot;:&quot;masonry&quot;,&quot;columns&quot;:&quot;2&quot;,&quot;img_size&quot;:&quot;default&quot;,&quot;overriding_link&quot;:&quot;none&quot;}}'><\/div>\r\n<\/div><\/div><\/div><\/div><\/div><\/div><\/section>\n","protected":false},"excerpt":{"rendered":"LEI N\u00ba 14.119, DE 13 DE JANEIRO DE 2021 Institui a Pol\u00edtica Nacional de Pagamento por Servi\u00e7os Ambientais (PNPSA), institui o Cadastro Nacional de Pagamento por Servi\u00e7os Ambientais (CNPSA) e o Programa Federal de Pagamento por Servi\u00e7os Ambientais (PFPSA) e disp\u00f5e sobre os contratos de pagamento por servi\u00e7os ambientais. Acesse o PDF com a LEI...","protected":false},"author":1,"featured_media":0,"parent":0,"menu_order":0,"comment_status":"closed","ping_status":"closed","template":"","meta":[],"_links":{"self":[{"href":"https:\/\/razaoconsultoriaambiental.com.br\/index.php?rest_route=\/wp\/v2\/pages\/1183"}],"collection":[{"href":"https:\/\/razaoconsultoriaambiental.com.br\/index.php?rest_route=\/wp\/v2\/pages"}],"about":[{"href":"https:\/\/razaoconsultoriaambiental.com.br\/index.php?rest_route=\/wp\/v2\/types\/page"}],"author":[{"embeddable":true,"href":"https:\/\/razaoconsultoriaambiental.com.br\/index.php?rest_route=\/wp\/v2\/users\/1"}],"replies":[{"embeddable":true,"href":"https:\/\/razaoconsultoriaambiental.com.br\/index.php?rest_route=%2Fwp%2Fv2%2Fcomments&post=1183"}],"version-history":[{"count":14,"href":"https:\/\/razaoconsultoriaambiental.com.br\/index.php?rest_route=\/wp\/v2\/pages\/1183\/revisions"}],"predecessor-version":[{"id":1414,"href":"https:\/\/razaoconsultoriaambiental.com.br\/index.php?rest_route=\/wp\/v2\/pages\/1183\/revisions\/1414"}],"wp:attachment":[{"href":"https:\/\/razaoconsultoriaambiental.com.br\/index.php?rest_route=%2Fwp%2Fv2%2Fmedia&parent=1183"}],"curies":[{"name":"wp","href":"https:\/\/api.w.org\/{rel}","templated":true}]}}