{"id":1206,"date":"2019-06-17T19:39:03","date_gmt":"2019-06-17T22:39:03","guid":{"rendered":"http:\/\/razaoconsultoriaambiental.com.br\/atualizacao\/?page_id=1206"},"modified":"2022-08-31T10:47:18","modified_gmt":"2022-08-31T13:47:18","slug":"servicos-2","status":"publish","type":"page","link":"https:\/\/razaoconsultoriaambiental.com.br\/?page_id=1206","title":{"rendered":"CASES"},"content":{"rendered":"<section class=\"l-section wpb_row height_medium color_custom with_img with_overlay\" id=\"projects\" style=\" color: #ffffff;\"><div class=\"l-section-img\" style=\"background-image: url(https:\/\/razaoconsultoriaambiental.com.br\/wp-content\/uploads\/2019\/09\/razao.achground-3.2.png);\" data-img-width=\"1000\" data-img-height=\"670\"><\/div><div class=\"l-section-overlay\" style=\"background: rgba(0,0,0,0.56)\"><\/div><div class=\"l-section-h i-cf\"><div class=\"g-cols vc_row type_default valign_middle\"><div class=\"vc_col-sm-12 wpb_column vc_column_container animate_fade\"><div class=\"vc_column-inner\"><div class=\"wpb_wrapper\">\r\n\t<div class=\"wpb_text_column \">\r\n\t\t<div class=\"wpb_wrapper\">\r\n\t\t\t<h2 style=\"text-align: center;\"><strong>TRABALHOS J\u00c1 REALIZADOS<\/strong><\/h2>\n\r\n\t\t<\/div>\r\n\t<\/div>\r\n<\/div><\/div><\/div><\/div><\/div><\/section><section class=\"l-section wpb_row height_small color_custom\" style=\"background: #f2f3f5;\"><div class=\"l-section-h i-cf\"><div class=\"g-cols vc_row type_default valign_top\"><div class=\"vc_col-sm-3 wpb_column vc_column_container\"><div class=\"vc_column-inner\"><div class=\"wpb_wrapper\"><div class=\"w-image align_center\"><div class=\"w-image-h\"><img width=\"640\" height=\"480\" src=\"https:\/\/razaoconsultoriaambiental.com.br\/wp-content\/uploads\/2019\/09\/1-Avalia\u00e7\u00e3o-de-Viabilidade-e-Levantamento-de-Restri\u00e7\u00f5es-Ambientais.1.jpg\" class=\"attachment-large size-large\" alt=\"\" loading=\"lazy\" srcset=\"https:\/\/razaoconsultoriaambiental.com.br\/wp-content\/uploads\/2019\/09\/1-Avalia\u00e7\u00e3o-de-Viabilidade-e-Levantamento-de-Restri\u00e7\u00f5es-Ambientais.1.jpg 693w, https:\/\/razaoconsultoriaambiental.com.br\/wp-content\/uploads\/2019\/09\/1-Avalia\u00e7\u00e3o-de-Viabilidade-e-Levantamento-de-Restri\u00e7\u00f5es-Ambientais.1-300x225.jpg 300w\" sizes=\"(max-width: 640px) 100vw, 640px\" \/><\/div><\/div><div class=\"w-separator size_small\"><\/div>\r\n\t<div class=\"wpb_text_column \">\r\n\t\t<div class=\"wpb_wrapper\">\r\n\t\t\t<h4 style=\"text-align: center;\">Avalia\u00e7\u00e3o de Viabilidade e Levantamento de Restri\u00e7\u00f5es Ambientais.<\/h4>\n\r\n\t\t<\/div>\r\n\t<\/div>\r\n<\/div><\/div><\/div><div class=\"vc_col-sm-3 wpb_column vc_column_container\"><div class=\"vc_column-inner\"><div class=\"wpb_wrapper\"><div class=\"w-image align_center\"><div class=\"w-image-h\"><img width=\"640\" height=\"480\" src=\"https:\/\/razaoconsultoriaambiental.com.br\/wp-content\/uploads\/2019\/09\/WhatsApp-Image-2019-09-09-at-10.37.35-1.jpeg\" class=\"attachment-large size-large\" alt=\"\" loading=\"lazy\" srcset=\"https:\/\/razaoconsultoriaambiental.com.br\/wp-content\/uploads\/2019\/09\/WhatsApp-Image-2019-09-09-at-10.37.35-1.jpeg 817w, https:\/\/razaoconsultoriaambiental.com.br\/wp-content\/uploads\/2019\/09\/WhatsApp-Image-2019-09-09-at-10.37.35-1-300x225.jpeg 300w\" sizes=\"(max-width: 640px) 100vw, 640px\" \/><\/div><\/div><div class=\"w-separator size_small\"><\/div>\r\n\t<div class=\"wpb_text_column \">\r\n\t\t<div class=\"wpb_wrapper\">\r\n\t\t\t<h4 style=\"text-align: center;\">Elabora\u00e7\u00e3o de Estudos e Projetos para o Licenciamento Ambiental.<\/h4>\n\r\n\t\t<\/div>\r\n\t<\/div>\r\n<\/div><\/div><\/div><div class=\"vc_col-sm-3 wpb_column vc_column_container\"><div class=\"vc_column-inner\"><div class=\"wpb_wrapper\"><div class=\"w-image align_center\"><div class=\"w-image-h\"><img width=\"640\" height=\"480\" src=\"https:\/\/razaoconsultoriaambiental.com.br\/wp-content\/uploads\/2019\/09\/3-Estudos-do-Meio-F\u00edsico-Meio-Bi\u00f3tico-e-Meio-Socioecon\u00f4mico.1.jpg\" class=\"attachment-large size-large\" alt=\"\" loading=\"lazy\" srcset=\"https:\/\/razaoconsultoriaambiental.com.br\/wp-content\/uploads\/2019\/09\/3-Estudos-do-Meio-F\u00edsico-Meio-Bi\u00f3tico-e-Meio-Socioecon\u00f4mico.1.jpg 693w, https:\/\/razaoconsultoriaambiental.com.br\/wp-content\/uploads\/2019\/09\/3-Estudos-do-Meio-F\u00edsico-Meio-Bi\u00f3tico-e-Meio-Socioecon\u00f4mico.1-300x225.jpg 300w\" sizes=\"(max-width: 640px) 100vw, 640px\" \/><\/div><\/div><div class=\"w-separator size_small\"><\/div>\r\n\t<div class=\"wpb_text_column \">\r\n\t\t<div class=\"wpb_wrapper\">\r\n\t\t\t<h4 style=\"text-align: center;\">Estudos do Meio F\u00edsico, Meio Bi\u00f3tico e Meio Socioecon\u00f4mico.<\/h4>\n\r\n\t\t<\/div>\r\n\t<\/div>\r\n<\/div><\/div><\/div><div class=\"vc_col-sm-3 wpb_column vc_column_container\"><div class=\"vc_column-inner\"><div class=\"wpb_wrapper\"><div class=\"w-image align_center\"><div class=\"w-image-h\"><img width=\"640\" height=\"480\" src=\"https:\/\/razaoconsultoriaambiental.com.br\/wp-content\/uploads\/2019\/09\/4-Gest\u00e3o-Ambiental-e-Miner\u00e1ria.1.jpg\" class=\"attachment-large size-large\" alt=\"\" loading=\"lazy\" srcset=\"https:\/\/razaoconsultoriaambiental.com.br\/wp-content\/uploads\/2019\/09\/4-Gest\u00e3o-Ambiental-e-Miner\u00e1ria.1.jpg 693w, https:\/\/razaoconsultoriaambiental.com.br\/wp-content\/uploads\/2019\/09\/4-Gest\u00e3o-Ambiental-e-Miner\u00e1ria.1-300x225.jpg 300w\" sizes=\"(max-width: 640px) 100vw, 640px\" \/><\/div><\/div><div class=\"w-separator size_small\"><\/div>\r\n\t<div class=\"wpb_text_column \">\r\n\t\t<div class=\"wpb_wrapper\">\r\n\t\t\t<h4 style=\"text-align: center;\">Gest\u00e3o Ambiental e Miner\u00e1ria.<\/h4>\n\r\n\t\t<\/div>\r\n\t<\/div>\r\n<\/div><\/div><\/div><\/div><\/div><\/section><section class=\"l-section wpb_row height_small color_custom\" style=\"background: #f2f3f5;\"><div class=\"l-section-h i-cf\"><div class=\"g-cols vc_row type_default valign_top\"><div class=\"vc_col-sm-3 wpb_column vc_column_container\"><div class=\"vc_column-inner\"><div class=\"wpb_wrapper\"><div class=\"w-image align_center\"><div class=\"w-image-h\"><img width=\"640\" height=\"423\" src=\"https:\/\/razaoconsultoriaambiental.com.br\/wp-content\/uploads\/2019\/09\/5-Licenciamento-Ambiental-Corretivo-e-Termo-de-Ajustamento-de-Conduta-TAC-Empreendimento-Industrial.1-1024x676.jpg\" class=\"attachment-large size-large\" alt=\"\" loading=\"lazy\" srcset=\"https:\/\/razaoconsultoriaambiental.com.br\/wp-content\/uploads\/2019\/09\/5-Licenciamento-Ambiental-Corretivo-e-Termo-de-Ajustamento-de-Conduta-TAC-Empreendimento-Industrial.1-1024x676.jpg 1024w, https:\/\/razaoconsultoriaambiental.com.br\/wp-content\/uploads\/2019\/09\/5-Licenciamento-Ambiental-Corretivo-e-Termo-de-Ajustamento-de-Conduta-TAC-Empreendimento-Industrial.1-300x198.jpg 300w, https:\/\/razaoconsultoriaambiental.com.br\/wp-content\/uploads\/2019\/09\/5-Licenciamento-Ambiental-Corretivo-e-Termo-de-Ajustamento-de-Conduta-TAC-Empreendimento-Industrial.1.jpg 1446w\" sizes=\"(max-width: 640px) 100vw, 640px\" \/><\/div><\/div><div class=\"w-separator size_small\"><\/div>\r\n\t<div class=\"wpb_text_column \">\r\n\t\t<div class=\"wpb_wrapper\">\r\n\t\t\t<h4 style=\"text-align: center;\">Licenciamento Ambiental Corretivo e Termo de Ajustamento de Conduta (TAC) &#8211; Empreendimento Industrial.<\/h4>\n\r\n\t\t<\/div>\r\n\t<\/div>\r\n<\/div><\/div><\/div><div class=\"vc_col-sm-3 wpb_column vc_column_container\"><div class=\"vc_column-inner\"><div class=\"wpb_wrapper\"><div class=\"w-image align_center\"><div class=\"w-image-h\"><img width=\"460\" height=\"613\" src=\"https:\/\/razaoconsultoriaambiental.com.br\/wp-content\/uploads\/2019\/09\/WhatsApp-Image-2019-09-09-at-10.37.57-1.jpeg\" class=\"attachment-large size-large\" alt=\"\" loading=\"lazy\" srcset=\"https:\/\/razaoconsultoriaambiental.com.br\/wp-content\/uploads\/2019\/09\/WhatsApp-Image-2019-09-09-at-10.37.57-1.jpeg 460w, https:\/\/razaoconsultoriaambiental.com.br\/wp-content\/uploads\/2019\/09\/WhatsApp-Image-2019-09-09-at-10.37.57-1-225x300.jpeg 225w\" sizes=\"(max-width: 460px) 100vw, 460px\" \/><\/div><\/div><div class=\"w-separator size_small\"><\/div>\r\n\t<div class=\"wpb_text_column \">\r\n\t\t<div class=\"wpb_wrapper\">\r\n\t\t\t<h4 style=\"text-align: center;\">Regualiza\u00e7\u00e3o Ambiental e Atendimento a Condicionantes &#8211; Parcelamento de Solo.<\/h4>\n\r\n\t\t<\/div>\r\n\t<\/div>\r\n<\/div><\/div><\/div><div class=\"vc_col-sm-3 wpb_column vc_column_container\"><div class=\"vc_column-inner\"><div class=\"wpb_wrapper\"><div class=\"w-image align_center\"><div class=\"w-image-h\"><img width=\"640\" height=\"480\" src=\"https:\/\/razaoconsultoriaambiental.com.br\/wp-content\/uploads\/2019\/09\/7-Cursos-e-Treinamentos-Capacita\u00e7\u00e3o-de-Equipe-Interna..1-1024x768.jpg\" class=\"attachment-large size-large\" alt=\"\" loading=\"lazy\" srcset=\"https:\/\/razaoconsultoriaambiental.com.br\/wp-content\/uploads\/2019\/09\/7-Cursos-e-Treinamentos-Capacita\u00e7\u00e3o-de-Equipe-Interna..1-1024x768.jpg 1024w, https:\/\/razaoconsultoriaambiental.com.br\/wp-content\/uploads\/2019\/09\/7-Cursos-e-Treinamentos-Capacita\u00e7\u00e3o-de-Equipe-Interna..1-300x225.jpg 300w, https:\/\/razaoconsultoriaambiental.com.br\/wp-content\/uploads\/2019\/09\/7-Cursos-e-Treinamentos-Capacita\u00e7\u00e3o-de-Equipe-Interna..1.jpg 1280w\" sizes=\"(max-width: 640px) 100vw, 640px\" \/><\/div><\/div><div class=\"w-separator size_small\"><\/div>\r\n\t<div class=\"wpb_text_column \">\r\n\t\t<div class=\"wpb_wrapper\">\r\n\t\t\t<h4 style=\"text-align: center;\">Cursos e Treinamentos &#8211; Capacita\u00e7\u00e3o de Equipe Interna.<\/h4>\n\r\n\t\t<\/div>\r\n\t<\/div>\r\n<\/div><\/div><\/div><div class=\"vc_col-sm-3 wpb_column vc_column_container\"><div class=\"vc_column-inner\"><div class=\"wpb_wrapper\"><div class=\"w-image align_center\"><div class=\"w-image-h\"><img width=\"640\" height=\"360\" src=\"https:\/\/razaoconsultoriaambiental.com.br\/wp-content\/uploads\/2019\/09\/8-Cursos-e-Treinamentos-Gest\u00e3o-e-Educa\u00e7\u00e3o-Ambiental..1-1024x576.jpg\" class=\"attachment-large size-large\" alt=\"\" loading=\"lazy\" srcset=\"https:\/\/razaoconsultoriaambiental.com.br\/wp-content\/uploads\/2019\/09\/8-Cursos-e-Treinamentos-Gest\u00e3o-e-Educa\u00e7\u00e3o-Ambiental..1-1024x576.jpg 1024w, https:\/\/razaoconsultoriaambiental.com.br\/wp-content\/uploads\/2019\/09\/8-Cursos-e-Treinamentos-Gest\u00e3o-e-Educa\u00e7\u00e3o-Ambiental..1-300x169.jpg 300w\" sizes=\"(max-width: 640px) 100vw, 640px\" \/><\/div><\/div><div class=\"w-separator size_small\"><\/div>\r\n\t<div class=\"wpb_text_column \">\r\n\t\t<div class=\"wpb_wrapper\">\r\n\t\t\t<h4 style=\"text-align: center;\">Cursos e Treinamentos &#8211; Gest\u00e3o e Educa\u00e7\u00e3o Ambiental.<\/h4>\n\r\n\t\t<\/div>\r\n\t<\/div>\r\n<\/div><\/div><\/div><\/div><\/div><\/section><section class=\"l-section wpb_row height_small color_custom\" style=\"background: #f2f3f5;\"><div class=\"l-section-h i-cf\"><div class=\"g-cols vc_row type_default valign_top\"><div class=\"vc_col-sm-12 wpb_column vc_column_container\"><div class=\"vc_column-inner\"><div class=\"wpb_wrapper\"><div class=\"w-actionbox color_primary controls_right vc_custom_1661953623055\"><div class=\"w-actionbox-text\"><h3>QUER SABER MAIS? VENHA CONVERSAR COM A GENTE!<\/h3><\/div><div class=\"w-actionbox-controls\"><a class=\"w-btn us-btn-style_1\" href=\"https:\/\/razaoconsultoriaambiental.com.br\/?page_id=1207\" title=\"CONTATO\"><span class=\"w-btn-label\">CONTATO<\/span><\/a><\/div><\/div><\/div><\/div><\/div><\/div><\/div><\/section>\n","protected":false},"excerpt":{"rendered":"TRABALHOS J\u00c1 REALIZADOS Avalia\u00e7\u00e3o de Viabilidade e Levantamento de Restri\u00e7\u00f5es Ambientais. Elabora\u00e7\u00e3o de Estudos e Projetos para o Licenciamento Ambiental. Estudos do Meio F\u00edsico, Meio Bi\u00f3tico e Meio Socioecon\u00f4mico. Gest\u00e3o Ambiental e Miner\u00e1ria. Licenciamento Ambiental Corretivo e Termo de Ajustamento de Conduta (TAC) - Empreendimento Industrial. Regualiza\u00e7\u00e3o Ambiental e Atendimento a Condicionantes - Parcelamento de...","protected":false},"author":1,"featured_media":0,"parent":0,"menu_order":0,"comment_status":"closed","ping_status":"closed","template":"","meta":[],"_links":{"self":[{"href":"https:\/\/razaoconsultoriaambiental.com.br\/index.php?rest_route=\/wp\/v2\/pages\/1206"}],"collection":[{"href":"https:\/\/razaoconsultoriaambiental.com.br\/index.php?rest_route=\/wp\/v2\/pages"}],"about":[{"href":"https:\/\/razaoconsultoriaambiental.com.br\/index.php?rest_route=\/wp\/v2\/types\/page"}],"author":[{"embeddable":true,"href":"https:\/\/razaoconsultoriaambiental.com.br\/index.php?rest_route=\/wp\/v2\/users\/1"}],"replies":[{"embeddable":true,"href":"https:\/\/razaoconsultoriaambiental.com.br\/index.php?rest_route=%2Fwp%2Fv2%2Fcomments&post=1206"}],"version-history":[{"count":16,"href":"https:\/\/razaoconsultoriaambiental.com.br\/index.php?rest_route=\/wp\/v2\/pages\/1206\/revisions"}],"predecessor-version":[{"id":1772,"href":"https:\/\/razaoconsultoriaambiental.com.br\/index.php?rest_route=\/wp\/v2\/pages\/1206\/revisions\/1772"}],"wp:attachment":[{"href":"https:\/\/razaoconsultoriaambiental.com.br\/index.php?rest_route=%2Fwp%2Fv2%2Fmedia&parent=1206"}],"curies":[{"name":"wp","href":"https:\/\/api.w.org\/{rel}","templated":true}]}}